{"id":3078,"date":"2026-03-02T19:48:06","date_gmt":"2026-03-02T18:48:06","guid":{"rendered":"https:\/\/mallorca-portal.com\/impressum-es\/"},"modified":"2026-03-02T19:48:06","modified_gmt":"2026-03-02T18:48:06","slug":"aviso-legal","status":"publish","type":"page","link":"https:\/\/mallorca-portal.com\/es\/aviso-legal\/","title":{"rendered":"Aviso Legal"},"content":{"rendered":"<h2>Aviso Legal<\/h2>\n<p><strong>mallorca-portal.com<\/strong><br \/>\n[Nombre del operador]<br \/>\n[Calle N\u00famero]<br \/>\n[C\u00f3digo Postal Ciudad], Mallorca, Espa\u00f1a<\/p>\n<h3>Contacto<\/h3>\n<p>Email: info@mallorca-portal.com<\/p>\n<h3>Exenci\u00f3n de responsabilidad<\/h3>\n<p>Los contenidos de nuestras p\u00e1ginas fueron creados con el mayor cuidado. Sin embargo, no podemos garantizar la exactitud, integridad y actualidad de los contenidos.<\/p>\n<h3>Responsabilidad por enlaces<\/h3>\n<p>Nuestro sitio web contiene enlaces a sitios web externos de terceros sobre cuyo contenido no tenemos influencia. El proveedor respectivo es siempre responsable del contenido de las p\u00e1ginas enlazadas.<\/p>\n","protected":false},"excerpt":{"rendered":"<p>Aviso Legal mallorca-portal.com [Nombre del operador] [Calle N\u00famero] [C\u00f3digo Postal Ciudad], Mallorca, Espa\u00f1a Contacto Email: info@mallorca-portal.com Exenci\u00f3n de responsabilidad Los contenidos de nuestras p\u00e1ginas fueron creados con el mayor cuidado. Sin embargo, no podemos garantizar la exactitud, integridad y actualidad de los contenidos. Responsabilidad por enlaces Nuestro sitio web contiene enlaces a sitios web externos<\/p>\n","protected":false},"author":1,"featured_media":0,"parent":0,"menu_order":0,"comment_status":"closed","ping_status":"closed","template":"","meta":{"_rtcl_gb_attr":"","footnotes":""},"class_list":["post-3078","page","type-page","status-publish","hentry"],"_links":{"self":[{"href":"https:\/\/mallorca-portal.com\/es\/wp-json\/wp\/v2\/pages\/3078","targetHints":{"allow":["GET"]}}],"collection":[{"href":"https:\/\/mallorca-portal.com\/es\/wp-json\/wp\/v2\/pages"}],"about":[{"href":"https:\/\/mallorca-portal.com\/es\/wp-json\/wp\/v2\/types\/page"}],"author":[{"embeddable":true,"href":"https:\/\/mallorca-portal.com\/es\/wp-json\/wp\/v2\/users\/1"}],"replies":[{"embeddable":true,"href":"https:\/\/mallorca-portal.com\/es\/wp-json\/wp\/v2\/comments?post=3078"}],"version-history":[{"count":0,"href":"https:\/\/mallorca-portal.com\/es\/wp-json\/wp\/v2\/pages\/3078\/revisions"}],"wp:attachment":[{"href":"https:\/\/mallorca-portal.com\/es\/wp-json\/wp\/v2\/media?parent=3078"}],"curies":[{"name":"wp","href":"https:\/\/api.w.org\/{rel}","templated":true}]}}