{"id":3081,"date":"2026-03-02T19:48:06","date_gmt":"2026-03-02T18:48:06","guid":{"rendered":"https:\/\/mallorca-portal.com\/datenschutz-es\/"},"modified":"2026-03-02T19:48:06","modified_gmt":"2026-03-02T18:48:06","slug":"politica-de-privacidad","status":"publish","type":"page","link":"https:\/\/mallorca-portal.com\/es\/politica-de-privacidad\/","title":{"rendered":"Pol\u00edtica de Privacidad"},"content":{"rendered":"<h2>Pol\u00edtica de Privacidad<\/h2>\n<h3>1. Responsable del tratamiento<\/h3>\n<p>El responsable del tratamiento de datos en este sitio web es:<br \/>\nmallorca-portal.com<br \/>\nEmail: info@mallorca-portal.com<\/p>\n<h3>2. Recopilaci\u00f3n y almacenamiento de datos personales<\/h3>\n<p>Al visitar nuestro sitio web, el navegador transmite autom\u00e1ticamente informaci\u00f3n que se almacena en los archivos de registro del servidor (direcci\u00f3n IP, tipo de navegador, fecha y hora de acceso).<\/p>\n<h3>3. Cookies<\/h3>\n<p>Nuestro sitio web utiliza cookies. Puede encontrar m\u00e1s informaci\u00f3n a trav\u00e9s de nuestro banner de cookies cuando visite el sitio por primera vez.<\/p>\n<h3>4. Formulario de contacto y anuncios<\/h3>\n<p>Cuando se comunica con nosotros a trav\u00e9s del formulario de contacto o publica un anuncio, sus datos se almacenar\u00e1n para procesar la solicitud.<\/p>\n<h3>5. Sus derechos<\/h3>\n<p>Usted tiene derecho a la informaci\u00f3n, correcci\u00f3n, eliminaci\u00f3n y restricci\u00f3n del procesamiento de sus datos personales de acuerdo con el RGPD.<\/p>\n","protected":false},"excerpt":{"rendered":"<p>Pol\u00edtica de Privacidad 1. Responsable del tratamiento El responsable del tratamiento de datos en este sitio web es: mallorca-portal.com Email: info@mallorca-portal.com 2. Recopilaci\u00f3n y almacenamiento de datos personales Al visitar nuestro sitio web, el navegador transmite autom\u00e1ticamente informaci\u00f3n que se almacena en los archivos de registro del servidor (direcci\u00f3n IP, tipo de navegador, fecha y<\/p>\n","protected":false},"author":1,"featured_media":0,"parent":0,"menu_order":0,"comment_status":"closed","ping_status":"closed","template":"","meta":{"_rtcl_gb_attr":"","footnotes":""},"class_list":["post-3081","page","type-page","status-publish","hentry"],"_links":{"self":[{"href":"https:\/\/mallorca-portal.com\/es\/wp-json\/wp\/v2\/pages\/3081","targetHints":{"allow":["GET"]}}],"collection":[{"href":"https:\/\/mallorca-portal.com\/es\/wp-json\/wp\/v2\/pages"}],"about":[{"href":"https:\/\/mallorca-portal.com\/es\/wp-json\/wp\/v2\/types\/page"}],"author":[{"embeddable":true,"href":"https:\/\/mallorca-portal.com\/es\/wp-json\/wp\/v2\/users\/1"}],"replies":[{"embeddable":true,"href":"https:\/\/mallorca-portal.com\/es\/wp-json\/wp\/v2\/comments?post=3081"}],"version-history":[{"count":0,"href":"https:\/\/mallorca-portal.com\/es\/wp-json\/wp\/v2\/pages\/3081\/revisions"}],"wp:attachment":[{"href":"https:\/\/mallorca-portal.com\/es\/wp-json\/wp\/v2\/media?parent=3081"}],"curies":[{"name":"wp","href":"https:\/\/api.w.org\/{rel}","templated":true}]}}