{"id":3090,"date":"2026-03-02T19:48:06","date_gmt":"2026-03-02T18:48:06","guid":{"rendered":"https:\/\/mallorca-portal.com\/ueber-uns-es\/"},"modified":"2026-03-02T19:48:06","modified_gmt":"2026-03-02T18:48:06","slug":"sobre-nosotros","status":"publish","type":"page","link":"https:\/\/mallorca-portal.com\/es\/sobre-nosotros\/","title":{"rendered":"Sobre nosotros"},"content":{"rendered":"<h2>Sobre mallorca-portal.com<\/h2>\n<p><strong>mallorca-portal.com<\/strong> es el mercado de anuncios clasificados de Mallorca. Ya sea que busque un apartamento, venda su coche o necesite un profesional \u2014 encontrar\u00e1 todo en una sola plataforma.<\/p>\n<h3>Para todos en Mallorca<\/h3>\n<p>Nuestra plataforma es triling\u00fce (alem\u00e1n, ingl\u00e9s, espa\u00f1ol) y est\u00e1 dirigida a todos los residentes y visitantes de Mallorca. Cada anuncio se traduce autom\u00e1ticamente a los tres idiomas.<\/p>\n<h3>Simple y gratuito<\/h3>\n<p>Publicar anuncios es gratuito y se realiza en pocos minutos. Reg\u00edstrese, cree su anuncio y llegue a miles de compradores potenciales en la isla.<\/p>\n<h3>Local y personal<\/h3>\n<p>A diferencia de las grandes plataformas internacionales, nos enfocamos exclusivamente en Mallorca. Esto significa resultados m\u00e1s relevantes y una comunidad que se conoce.<\/p>\n","protected":false},"excerpt":{"rendered":"<p>Sobre mallorca-portal.com mallorca-portal.com es el mercado de anuncios clasificados de Mallorca. Ya sea que busque un apartamento, venda su coche o necesite un profesional \u2014 encontrar\u00e1 todo en una sola plataforma. Para todos en Mallorca Nuestra plataforma es triling\u00fce (alem\u00e1n, ingl\u00e9s, espa\u00f1ol) y est\u00e1 dirigida a todos los residentes y visitantes de Mallorca. Cada anuncio<\/p>\n","protected":false},"author":1,"featured_media":0,"parent":0,"menu_order":0,"comment_status":"closed","ping_status":"closed","template":"","meta":{"_rtcl_gb_attr":"","footnotes":""},"class_list":["post-3090","page","type-page","status-publish","hentry"],"_links":{"self":[{"href":"https:\/\/mallorca-portal.com\/es\/wp-json\/wp\/v2\/pages\/3090","targetHints":{"allow":["GET"]}}],"collection":[{"href":"https:\/\/mallorca-portal.com\/es\/wp-json\/wp\/v2\/pages"}],"about":[{"href":"https:\/\/mallorca-portal.com\/es\/wp-json\/wp\/v2\/types\/page"}],"author":[{"embeddable":true,"href":"https:\/\/mallorca-portal.com\/es\/wp-json\/wp\/v2\/users\/1"}],"replies":[{"embeddable":true,"href":"https:\/\/mallorca-portal.com\/es\/wp-json\/wp\/v2\/comments?post=3090"}],"version-history":[{"count":0,"href":"https:\/\/mallorca-portal.com\/es\/wp-json\/wp\/v2\/pages\/3090\/revisions"}],"wp:attachment":[{"href":"https:\/\/mallorca-portal.com\/es\/wp-json\/wp\/v2\/media?parent=3090"}],"curies":[{"name":"wp","href":"https:\/\/api.w.org\/{rel}","templated":true}]}}